{"id":1000901,"date":"2024-11-11T16:43:44","date_gmt":"2024-11-11T13:43:44","guid":{"rendered":"https:\/\/tuctuc.ee\/?post_type=product&#038;p=1000901"},"modified":"2025-08-23T14:28:03","modified_gmt":"2025-08-23T11:28:03","slug":"pidulik-tullseelik-tudrukutele","status":"publish","type":"product","link":"https:\/\/tuctuc.ee\/en\/toode\/pidulik-tullseelik-tudrukutele\/","title":{"rendered":"Pidulik t\u00fcllseelik t\u00fcdrukutele"},"content":{"rendered":"<div class=\"vgblk-rw-wrapper limit-wrapper\">Pidulik t\u00fcllseelik t\u00fcdrukutele. Silmatorkavas lillas v\u00e4rvitoonis t\u00fcllseelik t\u00fcdrukutele elegantse erksates toonides lilleprindiga, mis paistab tumedal taustal. L\u00e4ikivate detailidega elastne v\u00f6\u00f6rihm tagab mugava ja kindla istuvuse, t\u00fcllikiht aga lisab r\u00f5ivale vol\u00fc\u00fcmi ja liikumist. Ideaalne kombineerimiseks teiste kollektsiooni osadega, pakkudes erilistel puhkudel peent ja kaasaegset v\u00e4limust.<\/p>\n<p><span class=\"Y2IQFc\" lang=\"et\">Materjal: 92% puuvill, 6% elastaan, 2% pol\u00fcester. <\/span><span class=\"Y2IQFc\" lang=\"et\">Juhised riiete hooldamiseks ja pesemiseks.\u00a0<\/span><\/div>\n<p><!-- .vgblk-rw-wrapper --><\/p>\n","protected":false},"excerpt":{"rendered":"<p>Pidulik t\u00fcllseelik t\u00fcdrukutele. Silmatorkavas lillas v\u00e4rvitoonis t\u00fcllseelik t\u00fcdrukutele elegantse erksates toonides lilleprindiga, mis paistab tumedal taustal. L\u00e4ikivate detailidega elastne v\u00f6\u00f6rihm tagab mugava ja kindla istuvuse, t\u00fcllikiht aga lisab r\u00f5ivale vol\u00fc\u00fcmi ja liikumist. Ideaalne kombineerimiseks teiste kollektsiooni osadega, pakkudes erilistel puhkudel peent ja kaasaegset v\u00e4limust. Materjal: 92% puuvill, 6% elastaan, 2% pol\u00fcester. Juhised riiete hooldamiseks ja&#8230;<\/p>\n","protected":false},"featured_media":1000910,"comment_status":"open","ping_status":"closed","template":"","meta":{"_themeisle_gutenberg_block_has_review":false},"product_cat":[428,318],"product_tag":[],"class_list":["post-1000901","product","type-product","status-publish","has-post-thumbnail","hentry","product_cat-seelik","product_cat-tudrukud"],"yoast_head":"<!-- This site is optimized with the Yoast SEO plugin v21.5 - https:\/\/yoast.com\/wordpress\/plugins\/seo\/ -->\n<title>Pidulik t\u00fcllseelik t\u00fcdrukutele - TucTuc Eesti<\/title>\n<meta name=\"robots\" content=\"index, follow, max-snippet:-1, max-image-preview:large, max-video-preview:-1\" \/>\n<link rel=\"canonical\" href=\"https:\/\/tuctuc.ee\/en\/toode\/pidulik-tullseelik-tudrukutele\/\" \/>\n<meta property=\"og:locale\" content=\"en_US\" \/>\n<meta property=\"og:type\" content=\"article\" \/>\n<meta property=\"og:title\" content=\"Pidulik t\u00fcllseelik t\u00fcdrukutele - TucTuc Eesti\" \/>\n<meta property=\"og:description\" content=\"Pidulik t\u00fcllseelik t\u00fcdrukutele. Silmatorkavas lillas v\u00e4rvitoonis t\u00fcllseelik t\u00fcdrukutele elegantse erksates toonides lilleprindiga, mis paistab tumedal taustal. L\u00e4ikivate detailidega elastne v\u00f6\u00f6rihm tagab mugava ja kindla istuvuse, t\u00fcllikiht aga lisab r\u00f5ivale vol\u00fc\u00fcmi ja liikumist. Ideaalne kombineerimiseks teiste kollektsiooni osadega, pakkudes erilistel puhkudel peent ja kaasaegset v\u00e4limust. Materjal: 92% puuvill, 6% elastaan, 2% pol\u00fcester. Juhised riiete hooldamiseks ja...\" \/>\n<meta property=\"og:url\" content=\"https:\/\/tuctuc.ee\/en\/toode\/pidulik-tullseelik-tudrukutele\/\" \/>\n<meta property=\"og:site_name\" content=\"TucTuc Eesti\" \/>\n<meta property=\"article:modified_time\" content=\"2025-08-23T11:28:03+00:00\" \/>\n<meta property=\"og:image\" content=\"https:\/\/tuctuc.ee\/wp-content\/uploads\/2024\/11\/11377984.webp\" \/>\n\t<meta property=\"og:image:width\" content=\"800\" \/>\n\t<meta property=\"og:image:height\" content=\"1000\" \/>\n\t<meta property=\"og:image:type\" content=\"image\/webp\" \/>\n<meta name=\"twitter:card\" content=\"summary_large_image\" \/>\n<meta name=\"twitter:label1\" content=\"Est. reading time\" \/>\n\t<meta name=\"twitter:data1\" content=\"1 minute\" \/>\n<script type=\"application\/ld+json\" class=\"yoast-schema-graph\">{\"@context\":\"https:\/\/schema.org\",\"@graph\":[{\"@type\":\"WebPage\",\"@id\":\"https:\/\/tuctuc.ee\/en\/toode\/pidulik-tullseelik-tudrukutele\/\",\"url\":\"https:\/\/tuctuc.ee\/en\/toode\/pidulik-tullseelik-tudrukutele\/\",\"name\":\"Pidulik t\u00fcllseelik t\u00fcdrukutele - TucTuc Eesti\",\"isPartOf\":{\"@id\":\"https:\/\/tuctuc.ee\/en\/#website\"},\"datePublished\":\"2024-11-11T13:43:44+00:00\",\"dateModified\":\"2025-08-23T11:28:03+00:00\",\"breadcrumb\":{\"@id\":\"https:\/\/tuctuc.ee\/en\/toode\/pidulik-tullseelik-tudrukutele\/#breadcrumb\"},\"inLanguage\":\"en-US\",\"potentialAction\":[{\"@type\":\"ReadAction\",\"target\":[\"https:\/\/tuctuc.ee\/en\/toode\/pidulik-tullseelik-tudrukutele\/\"]}]},{\"@type\":\"BreadcrumbList\",\"@id\":\"https:\/\/tuctuc.ee\/en\/toode\/pidulik-tullseelik-tudrukutele\/#breadcrumb\",\"itemListElement\":[{\"@type\":\"ListItem\",\"position\":1,\"name\":\"Home\",\"item\":\"https:\/\/tuctuc.ee\/en\/?page_id=269\"},{\"@type\":\"ListItem\",\"position\":2,\"name\":\"Shop\",\"item\":\"https:\/\/tuctuc.ee\/shop\/\"},{\"@type\":\"ListItem\",\"position\":3,\"name\":\"Pidulik t\u00fcllseelik t\u00fcdrukutele\"}]},{\"@type\":\"WebSite\",\"@id\":\"https:\/\/tuctuc.ee\/en\/#website\",\"url\":\"https:\/\/tuctuc.ee\/en\/\",\"name\":\"TucTuc Eesti\",\"description\":\"Eesti laster\u00f5ivaste veebipood - Stiilsed riided lastele igale vanusele. Avastage meie valikut n\u00fc\u00fcd!\",\"publisher\":{\"@id\":\"https:\/\/tuctuc.ee\/en\/#organization\"},\"potentialAction\":[{\"@type\":\"SearchAction\",\"target\":{\"@type\":\"EntryPoint\",\"urlTemplate\":\"https:\/\/tuctuc.ee\/en\/?s={search_term_string}\"},\"query-input\":\"required name=search_term_string\"}],\"inLanguage\":\"en-US\"},{\"@type\":\"Organization\",\"@id\":\"https:\/\/tuctuc.ee\/en\/#organization\",\"name\":\"TucTuc Eesti\",\"url\":\"https:\/\/tuctuc.ee\/en\/\",\"logo\":{\"@type\":\"ImageObject\",\"inLanguage\":\"en-US\",\"@id\":\"https:\/\/tuctuc.ee\/en\/#\/schema\/logo\/image\/\",\"url\":\"https:\/\/i0.wp.com\/tuctuc.ee\/wp-content\/uploads\/2023\/10\/logo-164933761541.png?fit=109%2C122&ssl=1\",\"contentUrl\":\"https:\/\/i0.wp.com\/tuctuc.ee\/wp-content\/uploads\/2023\/10\/logo-164933761541.png?fit=109%2C122&ssl=1\",\"width\":109,\"height\":122,\"caption\":\"TucTuc Eesti\"},\"image\":{\"@id\":\"https:\/\/tuctuc.ee\/en\/#\/schema\/logo\/image\/\"}}]}<\/script>\n<!-- \/ Yoast SEO plugin. -->","yoast_head_json":{"title":"Pidulik t\u00fcllseelik t\u00fcdrukutele - TucTuc Eesti","robots":{"index":"index","follow":"follow","max-snippet":"max-snippet:-1","max-image-preview":"max-image-preview:large","max-video-preview":"max-video-preview:-1"},"canonical":"https:\/\/tuctuc.ee\/en\/toode\/pidulik-tullseelik-tudrukutele\/","og_locale":"en_US","og_type":"article","og_title":"Pidulik t\u00fcllseelik t\u00fcdrukutele - TucTuc Eesti","og_description":"Pidulik t\u00fcllseelik t\u00fcdrukutele. Silmatorkavas lillas v\u00e4rvitoonis t\u00fcllseelik t\u00fcdrukutele elegantse erksates toonides lilleprindiga, mis paistab tumedal taustal. L\u00e4ikivate detailidega elastne v\u00f6\u00f6rihm tagab mugava ja kindla istuvuse, t\u00fcllikiht aga lisab r\u00f5ivale vol\u00fc\u00fcmi ja liikumist. Ideaalne kombineerimiseks teiste kollektsiooni osadega, pakkudes erilistel puhkudel peent ja kaasaegset v\u00e4limust. Materjal: 92% puuvill, 6% elastaan, 2% pol\u00fcester. Juhised riiete hooldamiseks ja...","og_url":"https:\/\/tuctuc.ee\/en\/toode\/pidulik-tullseelik-tudrukutele\/","og_site_name":"TucTuc Eesti","article_modified_time":"2025-08-23T11:28:03+00:00","og_image":[{"width":800,"height":1000,"url":"https:\/\/tuctuc.ee\/wp-content\/uploads\/2024\/11\/11377984.webp","type":"image\/webp"}],"twitter_card":"summary_large_image","twitter_misc":{"Est. reading time":"1 minute"},"schema":{"@context":"https:\/\/schema.org","@graph":[{"@type":"WebPage","@id":"https:\/\/tuctuc.ee\/en\/toode\/pidulik-tullseelik-tudrukutele\/","url":"https:\/\/tuctuc.ee\/en\/toode\/pidulik-tullseelik-tudrukutele\/","name":"Pidulik t\u00fcllseelik t\u00fcdrukutele - TucTuc Eesti","isPartOf":{"@id":"https:\/\/tuctuc.ee\/en\/#website"},"datePublished":"2024-11-11T13:43:44+00:00","dateModified":"2025-08-23T11:28:03+00:00","breadcrumb":{"@id":"https:\/\/tuctuc.ee\/en\/toode\/pidulik-tullseelik-tudrukutele\/#breadcrumb"},"inLanguage":"en-US","potentialAction":[{"@type":"ReadAction","target":["https:\/\/tuctuc.ee\/en\/toode\/pidulik-tullseelik-tudrukutele\/"]}]},{"@type":"BreadcrumbList","@id":"https:\/\/tuctuc.ee\/en\/toode\/pidulik-tullseelik-tudrukutele\/#breadcrumb","itemListElement":[{"@type":"ListItem","position":1,"name":"Home","item":"https:\/\/tuctuc.ee\/en\/?page_id=269"},{"@type":"ListItem","position":2,"name":"Shop","item":"https:\/\/tuctuc.ee\/shop\/"},{"@type":"ListItem","position":3,"name":"Pidulik t\u00fcllseelik t\u00fcdrukutele"}]},{"@type":"WebSite","@id":"https:\/\/tuctuc.ee\/en\/#website","url":"https:\/\/tuctuc.ee\/en\/","name":"TucTuc Eesti","description":"Eesti laster\u00f5ivaste veebipood - Stiilsed riided lastele igale vanusele. Avastage meie valikut n\u00fc\u00fcd!","publisher":{"@id":"https:\/\/tuctuc.ee\/en\/#organization"},"potentialAction":[{"@type":"SearchAction","target":{"@type":"EntryPoint","urlTemplate":"https:\/\/tuctuc.ee\/en\/?s={search_term_string}"},"query-input":"required name=search_term_string"}],"inLanguage":"en-US"},{"@type":"Organization","@id":"https:\/\/tuctuc.ee\/en\/#organization","name":"TucTuc Eesti","url":"https:\/\/tuctuc.ee\/en\/","logo":{"@type":"ImageObject","inLanguage":"en-US","@id":"https:\/\/tuctuc.ee\/en\/#\/schema\/logo\/image\/","url":"https:\/\/i0.wp.com\/tuctuc.ee\/wp-content\/uploads\/2023\/10\/logo-164933761541.png?fit=109%2C122&ssl=1","contentUrl":"https:\/\/i0.wp.com\/tuctuc.ee\/wp-content\/uploads\/2023\/10\/logo-164933761541.png?fit=109%2C122&ssl=1","width":109,"height":122,"caption":"TucTuc Eesti"},"image":{"@id":"https:\/\/tuctuc.ee\/en\/#\/schema\/logo\/image\/"}}]}},"jetpack_sharing_enabled":true,"_links":{"self":[{"href":"https:\/\/tuctuc.ee\/en\/wp-json\/wp\/v2\/product\/1000901","targetHints":{"allow":["GET"]}}],"collection":[{"href":"https:\/\/tuctuc.ee\/en\/wp-json\/wp\/v2\/product"}],"about":[{"href":"https:\/\/tuctuc.ee\/en\/wp-json\/wp\/v2\/types\/product"}],"replies":[{"embeddable":true,"href":"https:\/\/tuctuc.ee\/en\/wp-json\/wp\/v2\/comments?post=1000901"}],"version-history":[{"count":2,"href":"https:\/\/tuctuc.ee\/en\/wp-json\/wp\/v2\/product\/1000901\/revisions"}],"predecessor-version":[{"id":1001785,"href":"https:\/\/tuctuc.ee\/en\/wp-json\/wp\/v2\/product\/1000901\/revisions\/1001785"}],"wp:featuredmedia":[{"embeddable":true,"href":"https:\/\/tuctuc.ee\/en\/wp-json\/wp\/v2\/media\/1000910"}],"wp:attachment":[{"href":"https:\/\/tuctuc.ee\/en\/wp-json\/wp\/v2\/media?parent=1000901"}],"wp:term":[{"taxonomy":"product_cat","embeddable":true,"href":"https:\/\/tuctuc.ee\/en\/wp-json\/wp\/v2\/product_cat?post=1000901"},{"taxonomy":"product_tag","embeddable":true,"href":"https:\/\/tuctuc.ee\/en\/wp-json\/wp\/v2\/product_tag?post=1000901"}],"curies":[{"name":"wp","href":"https:\/\/api.w.org\/{rel}","templated":true}]}}