{"id":1000255,"date":"2024-11-07T12:35:12","date_gmt":"2024-11-07T09:35:12","guid":{"rendered":"https:\/\/tuctuc.ee\/?post_type=product&#038;p=1000255"},"modified":"2026-01-23T17:42:39","modified_gmt":"2026-01-23T14:42:39","slug":"tudrukute-muts-ja-torusall-2","status":"publish","type":"product","link":"https:\/\/tuctuc.ee\/en\/toode\/tudrukute-muts-ja-torusall-2\/","title":{"rendered":"T\u00fcdrukute m\u00fcts ja torusall"},"content":{"rendered":"<div class=\"vgblk-rw-wrapper limit-wrapper\">T\u00fcdrukute m\u00fcts ja torusall. T\u00fcdrukute komplekt, mis koosneb m\u00fctsist ja sallist, m\u00f5lemad s\u00e4rtsakas punases, v\u00f5luvate detailidega. M\u00fctsil on l\u00f5bus disain, millel on sinised ja rohelised k\u00f5rvad ja pompoonid ning naeratav n\u00e4gu, mida kaunistavad mitmev\u00e4rvilised s\u00fcdamed. Sobiv sall t\u00e4iendab komplekti erinevates v\u00e4rvides s\u00fcdametr\u00fckiga, lisades r\u00f5\u00f5msat ja armsat puudutust. Pehmest ja soojast materjalist valmistatud aksessuaarid sobivad suurep\u00e4raselt v\u00e4ikelaste soojaks ja stiilseks hoidmiseks k\u00fclmadel p\u00e4evadel.<\/p>\n<p>Materjal: 100% akr\u00fc\u00fcl, vooder 100% fliis (pol\u00fcester). Juhised riiete hooldamiseks ja pesemiseks.<\/p><\/div>\n<p><!-- .vgblk-rw-wrapper --><\/p>\n","protected":false},"excerpt":{"rendered":"<p>T\u00fcdrukute m\u00fcts ja torusall. T\u00fcdrukute komplekt, mis koosneb m\u00fctsist ja sallist, m\u00f5lemad s\u00e4rtsakas punases, v\u00f5luvate detailidega. M\u00fctsil on l\u00f5bus disain, millel on sinised ja rohelised k\u00f5rvad ja pompoonid ning naeratav n\u00e4gu, mida kaunistavad mitmev\u00e4rvilised s\u00fcdamed. Sobiv sall t\u00e4iendab komplekti erinevates v\u00e4rvides s\u00fcdametr\u00fckiga, lisades r\u00f5\u00f5msat ja armsat puudutust. Pehmest ja soojast materjalist valmistatud aksessuaarid sobivad suurep\u00e4raselt&#8230;<\/p>\n","protected":false},"featured_media":1000261,"comment_status":"open","ping_status":"closed","template":"","meta":{"_themeisle_gutenberg_block_has_review":false},"product_cat":[445,596],"product_tag":[],"class_list":["post-1000255","product","type-product","status-publish","has-post-thumbnail","hentry","product_cat-aksessuaarid","product_cat-mutsid"],"yoast_head":"<!-- This site is optimized with the Yoast SEO plugin v21.5 - https:\/\/yoast.com\/wordpress\/plugins\/seo\/ -->\n<title>T\u00fcdrukute m\u00fcts ja torusall - TucTuc Eesti<\/title>\n<meta name=\"robots\" content=\"index, follow, max-snippet:-1, max-image-preview:large, max-video-preview:-1\" \/>\n<link rel=\"canonical\" href=\"https:\/\/tuctuc.ee\/en\/toode\/tudrukute-muts-ja-torusall-2\/\" \/>\n<meta property=\"og:locale\" content=\"en_US\" \/>\n<meta property=\"og:type\" content=\"article\" \/>\n<meta property=\"og:title\" content=\"T\u00fcdrukute m\u00fcts ja torusall - TucTuc Eesti\" \/>\n<meta property=\"og:description\" content=\"T\u00fcdrukute m\u00fcts ja torusall. T\u00fcdrukute komplekt, mis koosneb m\u00fctsist ja sallist, m\u00f5lemad s\u00e4rtsakas punases, v\u00f5luvate detailidega. M\u00fctsil on l\u00f5bus disain, millel on sinised ja rohelised k\u00f5rvad ja pompoonid ning naeratav n\u00e4gu, mida kaunistavad mitmev\u00e4rvilised s\u00fcdamed. Sobiv sall t\u00e4iendab komplekti erinevates v\u00e4rvides s\u00fcdametr\u00fckiga, lisades r\u00f5\u00f5msat ja armsat puudutust. Pehmest ja soojast materjalist valmistatud aksessuaarid sobivad suurep\u00e4raselt...\" \/>\n<meta property=\"og:url\" content=\"https:\/\/tuctuc.ee\/en\/toode\/tudrukute-muts-ja-torusall-2\/\" \/>\n<meta property=\"og:site_name\" content=\"TucTuc Eesti\" \/>\n<meta property=\"article:modified_time\" content=\"2026-01-23T14:42:39+00:00\" \/>\n<meta property=\"og:image\" content=\"https:\/\/tuctuc.ee\/wp-content\/uploads\/2024\/11\/11379767.webp\" \/>\n\t<meta property=\"og:image:width\" content=\"800\" \/>\n\t<meta property=\"og:image:height\" content=\"1000\" \/>\n\t<meta property=\"og:image:type\" content=\"image\/webp\" \/>\n<meta name=\"twitter:card\" content=\"summary_large_image\" \/>\n<meta name=\"twitter:label1\" content=\"Est. reading time\" \/>\n\t<meta name=\"twitter:data1\" content=\"1 minute\" \/>\n<script type=\"application\/ld+json\" class=\"yoast-schema-graph\">{\"@context\":\"https:\/\/schema.org\",\"@graph\":[{\"@type\":\"WebPage\",\"@id\":\"https:\/\/tuctuc.ee\/en\/toode\/tudrukute-muts-ja-torusall-2\/\",\"url\":\"https:\/\/tuctuc.ee\/en\/toode\/tudrukute-muts-ja-torusall-2\/\",\"name\":\"T\u00fcdrukute m\u00fcts ja torusall - TucTuc Eesti\",\"isPartOf\":{\"@id\":\"https:\/\/tuctuc.ee\/en\/#website\"},\"datePublished\":\"2024-11-07T09:35:12+00:00\",\"dateModified\":\"2026-01-23T14:42:39+00:00\",\"breadcrumb\":{\"@id\":\"https:\/\/tuctuc.ee\/en\/toode\/tudrukute-muts-ja-torusall-2\/#breadcrumb\"},\"inLanguage\":\"en-US\",\"potentialAction\":[{\"@type\":\"ReadAction\",\"target\":[\"https:\/\/tuctuc.ee\/en\/toode\/tudrukute-muts-ja-torusall-2\/\"]}]},{\"@type\":\"BreadcrumbList\",\"@id\":\"https:\/\/tuctuc.ee\/en\/toode\/tudrukute-muts-ja-torusall-2\/#breadcrumb\",\"itemListElement\":[{\"@type\":\"ListItem\",\"position\":1,\"name\":\"Home\",\"item\":\"https:\/\/tuctuc.ee\/en\/?page_id=269\"},{\"@type\":\"ListItem\",\"position\":2,\"name\":\"Shop\",\"item\":\"https:\/\/tuctuc.ee\/shop\/\"},{\"@type\":\"ListItem\",\"position\":3,\"name\":\"T\u00fcdrukute m\u00fcts ja torusall\"}]},{\"@type\":\"WebSite\",\"@id\":\"https:\/\/tuctuc.ee\/en\/#website\",\"url\":\"https:\/\/tuctuc.ee\/en\/\",\"name\":\"TucTuc Eesti\",\"description\":\"Eesti laster\u00f5ivaste veebipood - Stiilsed riided lastele igale vanusele. Avastage meie valikut n\u00fc\u00fcd!\",\"publisher\":{\"@id\":\"https:\/\/tuctuc.ee\/en\/#organization\"},\"potentialAction\":[{\"@type\":\"SearchAction\",\"target\":{\"@type\":\"EntryPoint\",\"urlTemplate\":\"https:\/\/tuctuc.ee\/en\/?s={search_term_string}\"},\"query-input\":\"required name=search_term_string\"}],\"inLanguage\":\"en-US\"},{\"@type\":\"Organization\",\"@id\":\"https:\/\/tuctuc.ee\/en\/#organization\",\"name\":\"TucTuc Eesti\",\"url\":\"https:\/\/tuctuc.ee\/en\/\",\"logo\":{\"@type\":\"ImageObject\",\"inLanguage\":\"en-US\",\"@id\":\"https:\/\/tuctuc.ee\/en\/#\/schema\/logo\/image\/\",\"url\":\"https:\/\/i0.wp.com\/tuctuc.ee\/wp-content\/uploads\/2023\/10\/logo-164933761541.png?fit=109%2C122&ssl=1\",\"contentUrl\":\"https:\/\/i0.wp.com\/tuctuc.ee\/wp-content\/uploads\/2023\/10\/logo-164933761541.png?fit=109%2C122&ssl=1\",\"width\":109,\"height\":122,\"caption\":\"TucTuc Eesti\"},\"image\":{\"@id\":\"https:\/\/tuctuc.ee\/en\/#\/schema\/logo\/image\/\"}}]}<\/script>\n<!-- \/ Yoast SEO plugin. -->","yoast_head_json":{"title":"T\u00fcdrukute m\u00fcts ja torusall - TucTuc Eesti","robots":{"index":"index","follow":"follow","max-snippet":"max-snippet:-1","max-image-preview":"max-image-preview:large","max-video-preview":"max-video-preview:-1"},"canonical":"https:\/\/tuctuc.ee\/en\/toode\/tudrukute-muts-ja-torusall-2\/","og_locale":"en_US","og_type":"article","og_title":"T\u00fcdrukute m\u00fcts ja torusall - TucTuc Eesti","og_description":"T\u00fcdrukute m\u00fcts ja torusall. T\u00fcdrukute komplekt, mis koosneb m\u00fctsist ja sallist, m\u00f5lemad s\u00e4rtsakas punases, v\u00f5luvate detailidega. M\u00fctsil on l\u00f5bus disain, millel on sinised ja rohelised k\u00f5rvad ja pompoonid ning naeratav n\u00e4gu, mida kaunistavad mitmev\u00e4rvilised s\u00fcdamed. Sobiv sall t\u00e4iendab komplekti erinevates v\u00e4rvides s\u00fcdametr\u00fckiga, lisades r\u00f5\u00f5msat ja armsat puudutust. Pehmest ja soojast materjalist valmistatud aksessuaarid sobivad suurep\u00e4raselt...","og_url":"https:\/\/tuctuc.ee\/en\/toode\/tudrukute-muts-ja-torusall-2\/","og_site_name":"TucTuc Eesti","article_modified_time":"2026-01-23T14:42:39+00:00","og_image":[{"width":800,"height":1000,"url":"https:\/\/tuctuc.ee\/wp-content\/uploads\/2024\/11\/11379767.webp","type":"image\/webp"}],"twitter_card":"summary_large_image","twitter_misc":{"Est. reading time":"1 minute"},"schema":{"@context":"https:\/\/schema.org","@graph":[{"@type":"WebPage","@id":"https:\/\/tuctuc.ee\/en\/toode\/tudrukute-muts-ja-torusall-2\/","url":"https:\/\/tuctuc.ee\/en\/toode\/tudrukute-muts-ja-torusall-2\/","name":"T\u00fcdrukute m\u00fcts ja torusall - TucTuc Eesti","isPartOf":{"@id":"https:\/\/tuctuc.ee\/en\/#website"},"datePublished":"2024-11-07T09:35:12+00:00","dateModified":"2026-01-23T14:42:39+00:00","breadcrumb":{"@id":"https:\/\/tuctuc.ee\/en\/toode\/tudrukute-muts-ja-torusall-2\/#breadcrumb"},"inLanguage":"en-US","potentialAction":[{"@type":"ReadAction","target":["https:\/\/tuctuc.ee\/en\/toode\/tudrukute-muts-ja-torusall-2\/"]}]},{"@type":"BreadcrumbList","@id":"https:\/\/tuctuc.ee\/en\/toode\/tudrukute-muts-ja-torusall-2\/#breadcrumb","itemListElement":[{"@type":"ListItem","position":1,"name":"Home","item":"https:\/\/tuctuc.ee\/en\/?page_id=269"},{"@type":"ListItem","position":2,"name":"Shop","item":"https:\/\/tuctuc.ee\/shop\/"},{"@type":"ListItem","position":3,"name":"T\u00fcdrukute m\u00fcts ja torusall"}]},{"@type":"WebSite","@id":"https:\/\/tuctuc.ee\/en\/#website","url":"https:\/\/tuctuc.ee\/en\/","name":"TucTuc Eesti","description":"Eesti laster\u00f5ivaste veebipood - Stiilsed riided lastele igale vanusele. Avastage meie valikut n\u00fc\u00fcd!","publisher":{"@id":"https:\/\/tuctuc.ee\/en\/#organization"},"potentialAction":[{"@type":"SearchAction","target":{"@type":"EntryPoint","urlTemplate":"https:\/\/tuctuc.ee\/en\/?s={search_term_string}"},"query-input":"required name=search_term_string"}],"inLanguage":"en-US"},{"@type":"Organization","@id":"https:\/\/tuctuc.ee\/en\/#organization","name":"TucTuc Eesti","url":"https:\/\/tuctuc.ee\/en\/","logo":{"@type":"ImageObject","inLanguage":"en-US","@id":"https:\/\/tuctuc.ee\/en\/#\/schema\/logo\/image\/","url":"https:\/\/i0.wp.com\/tuctuc.ee\/wp-content\/uploads\/2023\/10\/logo-164933761541.png?fit=109%2C122&ssl=1","contentUrl":"https:\/\/i0.wp.com\/tuctuc.ee\/wp-content\/uploads\/2023\/10\/logo-164933761541.png?fit=109%2C122&ssl=1","width":109,"height":122,"caption":"TucTuc Eesti"},"image":{"@id":"https:\/\/tuctuc.ee\/en\/#\/schema\/logo\/image\/"}}]}},"jetpack_sharing_enabled":true,"_links":{"self":[{"href":"https:\/\/tuctuc.ee\/en\/wp-json\/wp\/v2\/product\/1000255","targetHints":{"allow":["GET"]}}],"collection":[{"href":"https:\/\/tuctuc.ee\/en\/wp-json\/wp\/v2\/product"}],"about":[{"href":"https:\/\/tuctuc.ee\/en\/wp-json\/wp\/v2\/types\/product"}],"replies":[{"embeddable":true,"href":"https:\/\/tuctuc.ee\/en\/wp-json\/wp\/v2\/comments?post=1000255"}],"version-history":[{"count":3,"href":"https:\/\/tuctuc.ee\/en\/wp-json\/wp\/v2\/product\/1000255\/revisions"}],"predecessor-version":[{"id":1001818,"href":"https:\/\/tuctuc.ee\/en\/wp-json\/wp\/v2\/product\/1000255\/revisions\/1001818"}],"wp:featuredmedia":[{"embeddable":true,"href":"https:\/\/tuctuc.ee\/en\/wp-json\/wp\/v2\/media\/1000261"}],"wp:attachment":[{"href":"https:\/\/tuctuc.ee\/en\/wp-json\/wp\/v2\/media?parent=1000255"}],"wp:term":[{"taxonomy":"product_cat","embeddable":true,"href":"https:\/\/tuctuc.ee\/en\/wp-json\/wp\/v2\/product_cat?post=1000255"},{"taxonomy":"product_tag","embeddable":true,"href":"https:\/\/tuctuc.ee\/en\/wp-json\/wp\/v2\/product_tag?post=1000255"}],"curies":[{"name":"wp","href":"https:\/\/api.w.org\/{rel}","templated":true}]}}