{"id":1000206,"date":"2024-11-05T21:02:45","date_gmt":"2024-11-05T18:02:45","guid":{"rendered":"https:\/\/tuctuc.ee\/?post_type=product&#038;p=1000206"},"modified":"2026-01-23T17:43:37","modified_gmt":"2026-01-23T14:43:37","slug":"tudrukute-muts-ja-sall-2","status":"publish","type":"product","link":"https:\/\/tuctuc.ee\/en\/toode\/tudrukute-muts-ja-sall-2\/","title":{"rendered":"T\u00fcdrukute m\u00fcts ja sall"},"content":{"rendered":"<div class=\"vgblk-rw-wrapper limit-wrapper\">T\u00fcdrukute kootud fliisvoodriga m\u00fcts ja sall. <span class=\"Y2IQFc\" lang=\"et\">Kootud roosa m\u00fctsi ja salli komplekt t\u00fcdrukutele, mis on kaunistatud l\u00f5busate detailidega, nagu pompoonid ning t\u00e4he- ja t\u00e4hetr\u00fck. M\u00fctsil on pomponk\u00f5rvad ja v\u00f5luv disain esik\u00fcljel, samas kui sobival sallil on r\u00f5\u00f5msameelne t\u00e4he- ja kuukujundus. See pehmest ja soojast kangast valmistatud komplekt sobib ideaalselt teie lapse k\u00fclmal p\u00e4evadel soojas hoidmiseks<\/span><\/p>\n<p>Materjal: 100% pol\u00fcamiid, vooder 100% fliis (pol\u00fcester). Juhised riiete hooldamiseks ja pesemiseks.<\/p><\/div>\n<p><!-- .vgblk-rw-wrapper --><\/p>\n","protected":false},"excerpt":{"rendered":"<p>T\u00fcdrukute kootud fliisvoodriga m\u00fcts ja sall. Kootud roosa m\u00fctsi ja salli komplekt t\u00fcdrukutele, mis on kaunistatud l\u00f5busate detailidega, nagu pompoonid ning t\u00e4he- ja t\u00e4hetr\u00fck. M\u00fctsil on pomponk\u00f5rvad ja v\u00f5luv disain esik\u00fcljel, samas kui sobival sallil on r\u00f5\u00f5msameelne t\u00e4he- ja kuukujundus. See pehmest ja soojast kangast valmistatud komplekt sobib ideaalselt teie lapse k\u00fclmal p\u00e4evadel soojas hoidmiseks&#8230;<\/p>\n","protected":false},"featured_media":1000212,"comment_status":"open","ping_status":"closed","template":"","meta":{"_themeisle_gutenberg_block_has_review":false},"product_cat":[445,596],"product_tag":[],"class_list":["post-1000206","product","type-product","status-publish","has-post-thumbnail","hentry","product_cat-aksessuaarid","product_cat-mutsid"],"yoast_head":"<!-- This site is optimized with the Yoast SEO plugin v21.5 - https:\/\/yoast.com\/wordpress\/plugins\/seo\/ -->\n<title>T\u00fcdrukute m\u00fcts ja sall - TucTuc Eesti<\/title>\n<meta name=\"robots\" content=\"index, follow, max-snippet:-1, max-image-preview:large, max-video-preview:-1\" \/>\n<link rel=\"canonical\" href=\"https:\/\/tuctuc.ee\/en\/toode\/tudrukute-muts-ja-sall-2\/\" \/>\n<meta property=\"og:locale\" content=\"en_US\" \/>\n<meta property=\"og:type\" content=\"article\" \/>\n<meta property=\"og:title\" content=\"T\u00fcdrukute m\u00fcts ja sall - TucTuc Eesti\" \/>\n<meta property=\"og:description\" content=\"T\u00fcdrukute kootud fliisvoodriga m\u00fcts ja sall. Kootud roosa m\u00fctsi ja salli komplekt t\u00fcdrukutele, mis on kaunistatud l\u00f5busate detailidega, nagu pompoonid ning t\u00e4he- ja t\u00e4hetr\u00fck. M\u00fctsil on pomponk\u00f5rvad ja v\u00f5luv disain esik\u00fcljel, samas kui sobival sallil on r\u00f5\u00f5msameelne t\u00e4he- ja kuukujundus. See pehmest ja soojast kangast valmistatud komplekt sobib ideaalselt teie lapse k\u00fclmal p\u00e4evadel soojas hoidmiseks...\" \/>\n<meta property=\"og:url\" content=\"https:\/\/tuctuc.ee\/en\/toode\/tudrukute-muts-ja-sall-2\/\" \/>\n<meta property=\"og:site_name\" content=\"TucTuc Eesti\" \/>\n<meta property=\"article:modified_time\" content=\"2026-01-23T14:43:37+00:00\" \/>\n<meta property=\"og:image\" content=\"https:\/\/tuctuc.ee\/wp-content\/uploads\/2024\/11\/11379539.webp\" \/>\n\t<meta property=\"og:image:width\" content=\"800\" \/>\n\t<meta property=\"og:image:height\" content=\"1000\" \/>\n\t<meta property=\"og:image:type\" content=\"image\/webp\" \/>\n<meta name=\"twitter:card\" content=\"summary_large_image\" \/>\n<meta name=\"twitter:label1\" content=\"Est. reading time\" \/>\n\t<meta name=\"twitter:data1\" content=\"1 minute\" \/>\n<script type=\"application\/ld+json\" class=\"yoast-schema-graph\">{\"@context\":\"https:\/\/schema.org\",\"@graph\":[{\"@type\":\"WebPage\",\"@id\":\"https:\/\/tuctuc.ee\/en\/toode\/tudrukute-muts-ja-sall-2\/\",\"url\":\"https:\/\/tuctuc.ee\/en\/toode\/tudrukute-muts-ja-sall-2\/\",\"name\":\"T\u00fcdrukute m\u00fcts ja sall - TucTuc Eesti\",\"isPartOf\":{\"@id\":\"https:\/\/tuctuc.ee\/en\/#website\"},\"datePublished\":\"2024-11-05T18:02:45+00:00\",\"dateModified\":\"2026-01-23T14:43:37+00:00\",\"breadcrumb\":{\"@id\":\"https:\/\/tuctuc.ee\/en\/toode\/tudrukute-muts-ja-sall-2\/#breadcrumb\"},\"inLanguage\":\"en-US\",\"potentialAction\":[{\"@type\":\"ReadAction\",\"target\":[\"https:\/\/tuctuc.ee\/en\/toode\/tudrukute-muts-ja-sall-2\/\"]}]},{\"@type\":\"BreadcrumbList\",\"@id\":\"https:\/\/tuctuc.ee\/en\/toode\/tudrukute-muts-ja-sall-2\/#breadcrumb\",\"itemListElement\":[{\"@type\":\"ListItem\",\"position\":1,\"name\":\"Home\",\"item\":\"https:\/\/tuctuc.ee\/en\/?page_id=269\"},{\"@type\":\"ListItem\",\"position\":2,\"name\":\"Shop\",\"item\":\"https:\/\/tuctuc.ee\/shop\/\"},{\"@type\":\"ListItem\",\"position\":3,\"name\":\"T\u00fcdrukute m\u00fcts ja sall\"}]},{\"@type\":\"WebSite\",\"@id\":\"https:\/\/tuctuc.ee\/en\/#website\",\"url\":\"https:\/\/tuctuc.ee\/en\/\",\"name\":\"TucTuc Eesti\",\"description\":\"Eesti laster\u00f5ivaste veebipood - Stiilsed riided lastele igale vanusele. Avastage meie valikut n\u00fc\u00fcd!\",\"publisher\":{\"@id\":\"https:\/\/tuctuc.ee\/en\/#organization\"},\"potentialAction\":[{\"@type\":\"SearchAction\",\"target\":{\"@type\":\"EntryPoint\",\"urlTemplate\":\"https:\/\/tuctuc.ee\/en\/?s={search_term_string}\"},\"query-input\":\"required name=search_term_string\"}],\"inLanguage\":\"en-US\"},{\"@type\":\"Organization\",\"@id\":\"https:\/\/tuctuc.ee\/en\/#organization\",\"name\":\"TucTuc Eesti\",\"url\":\"https:\/\/tuctuc.ee\/en\/\",\"logo\":{\"@type\":\"ImageObject\",\"inLanguage\":\"en-US\",\"@id\":\"https:\/\/tuctuc.ee\/en\/#\/schema\/logo\/image\/\",\"url\":\"https:\/\/i0.wp.com\/tuctuc.ee\/wp-content\/uploads\/2023\/10\/logo-164933761541.png?fit=109%2C122&ssl=1\",\"contentUrl\":\"https:\/\/i0.wp.com\/tuctuc.ee\/wp-content\/uploads\/2023\/10\/logo-164933761541.png?fit=109%2C122&ssl=1\",\"width\":109,\"height\":122,\"caption\":\"TucTuc Eesti\"},\"image\":{\"@id\":\"https:\/\/tuctuc.ee\/en\/#\/schema\/logo\/image\/\"}}]}<\/script>\n<!-- \/ Yoast SEO plugin. -->","yoast_head_json":{"title":"T\u00fcdrukute m\u00fcts ja sall - TucTuc Eesti","robots":{"index":"index","follow":"follow","max-snippet":"max-snippet:-1","max-image-preview":"max-image-preview:large","max-video-preview":"max-video-preview:-1"},"canonical":"https:\/\/tuctuc.ee\/en\/toode\/tudrukute-muts-ja-sall-2\/","og_locale":"en_US","og_type":"article","og_title":"T\u00fcdrukute m\u00fcts ja sall - TucTuc Eesti","og_description":"T\u00fcdrukute kootud fliisvoodriga m\u00fcts ja sall. Kootud roosa m\u00fctsi ja salli komplekt t\u00fcdrukutele, mis on kaunistatud l\u00f5busate detailidega, nagu pompoonid ning t\u00e4he- ja t\u00e4hetr\u00fck. M\u00fctsil on pomponk\u00f5rvad ja v\u00f5luv disain esik\u00fcljel, samas kui sobival sallil on r\u00f5\u00f5msameelne t\u00e4he- ja kuukujundus. See pehmest ja soojast kangast valmistatud komplekt sobib ideaalselt teie lapse k\u00fclmal p\u00e4evadel soojas hoidmiseks...","og_url":"https:\/\/tuctuc.ee\/en\/toode\/tudrukute-muts-ja-sall-2\/","og_site_name":"TucTuc Eesti","article_modified_time":"2026-01-23T14:43:37+00:00","og_image":[{"width":800,"height":1000,"url":"https:\/\/tuctuc.ee\/wp-content\/uploads\/2024\/11\/11379539.webp","type":"image\/webp"}],"twitter_card":"summary_large_image","twitter_misc":{"Est. reading time":"1 minute"},"schema":{"@context":"https:\/\/schema.org","@graph":[{"@type":"WebPage","@id":"https:\/\/tuctuc.ee\/en\/toode\/tudrukute-muts-ja-sall-2\/","url":"https:\/\/tuctuc.ee\/en\/toode\/tudrukute-muts-ja-sall-2\/","name":"T\u00fcdrukute m\u00fcts ja sall - TucTuc Eesti","isPartOf":{"@id":"https:\/\/tuctuc.ee\/en\/#website"},"datePublished":"2024-11-05T18:02:45+00:00","dateModified":"2026-01-23T14:43:37+00:00","breadcrumb":{"@id":"https:\/\/tuctuc.ee\/en\/toode\/tudrukute-muts-ja-sall-2\/#breadcrumb"},"inLanguage":"en-US","potentialAction":[{"@type":"ReadAction","target":["https:\/\/tuctuc.ee\/en\/toode\/tudrukute-muts-ja-sall-2\/"]}]},{"@type":"BreadcrumbList","@id":"https:\/\/tuctuc.ee\/en\/toode\/tudrukute-muts-ja-sall-2\/#breadcrumb","itemListElement":[{"@type":"ListItem","position":1,"name":"Home","item":"https:\/\/tuctuc.ee\/en\/?page_id=269"},{"@type":"ListItem","position":2,"name":"Shop","item":"https:\/\/tuctuc.ee\/shop\/"},{"@type":"ListItem","position":3,"name":"T\u00fcdrukute m\u00fcts ja sall"}]},{"@type":"WebSite","@id":"https:\/\/tuctuc.ee\/en\/#website","url":"https:\/\/tuctuc.ee\/en\/","name":"TucTuc Eesti","description":"Eesti laster\u00f5ivaste veebipood - Stiilsed riided lastele igale vanusele. Avastage meie valikut n\u00fc\u00fcd!","publisher":{"@id":"https:\/\/tuctuc.ee\/en\/#organization"},"potentialAction":[{"@type":"SearchAction","target":{"@type":"EntryPoint","urlTemplate":"https:\/\/tuctuc.ee\/en\/?s={search_term_string}"},"query-input":"required name=search_term_string"}],"inLanguage":"en-US"},{"@type":"Organization","@id":"https:\/\/tuctuc.ee\/en\/#organization","name":"TucTuc Eesti","url":"https:\/\/tuctuc.ee\/en\/","logo":{"@type":"ImageObject","inLanguage":"en-US","@id":"https:\/\/tuctuc.ee\/en\/#\/schema\/logo\/image\/","url":"https:\/\/i0.wp.com\/tuctuc.ee\/wp-content\/uploads\/2023\/10\/logo-164933761541.png?fit=109%2C122&ssl=1","contentUrl":"https:\/\/i0.wp.com\/tuctuc.ee\/wp-content\/uploads\/2023\/10\/logo-164933761541.png?fit=109%2C122&ssl=1","width":109,"height":122,"caption":"TucTuc Eesti"},"image":{"@id":"https:\/\/tuctuc.ee\/en\/#\/schema\/logo\/image\/"}}]}},"jetpack_sharing_enabled":true,"_links":{"self":[{"href":"https:\/\/tuctuc.ee\/en\/wp-json\/wp\/v2\/product\/1000206","targetHints":{"allow":["GET"]}}],"collection":[{"href":"https:\/\/tuctuc.ee\/en\/wp-json\/wp\/v2\/product"}],"about":[{"href":"https:\/\/tuctuc.ee\/en\/wp-json\/wp\/v2\/types\/product"}],"replies":[{"embeddable":true,"href":"https:\/\/tuctuc.ee\/en\/wp-json\/wp\/v2\/comments?post=1000206"}],"version-history":[{"count":2,"href":"https:\/\/tuctuc.ee\/en\/wp-json\/wp\/v2\/product\/1000206\/revisions"}],"predecessor-version":[{"id":1001820,"href":"https:\/\/tuctuc.ee\/en\/wp-json\/wp\/v2\/product\/1000206\/revisions\/1001820"}],"wp:featuredmedia":[{"embeddable":true,"href":"https:\/\/tuctuc.ee\/en\/wp-json\/wp\/v2\/media\/1000212"}],"wp:attachment":[{"href":"https:\/\/tuctuc.ee\/en\/wp-json\/wp\/v2\/media?parent=1000206"}],"wp:term":[{"taxonomy":"product_cat","embeddable":true,"href":"https:\/\/tuctuc.ee\/en\/wp-json\/wp\/v2\/product_cat?post=1000206"},{"taxonomy":"product_tag","embeddable":true,"href":"https:\/\/tuctuc.ee\/en\/wp-json\/wp\/v2\/product_tag?post=1000206"}],"curies":[{"name":"wp","href":"https:\/\/api.w.org\/{rel}","templated":true}]}}