{"id":3,"date":"2022-03-16T16:57:16","date_gmt":"2022-03-16T16:57:16","guid":{"rendered":"https:\/\/debebe.vamtam.com\/?page_id=3"},"modified":"2023-11-13T22:03:03","modified_gmt":"2023-11-13T19:03:03","slug":"privacy-policy","status":"publish","type":"page","link":"https:\/\/tuctuc.ee\/en\/privacy-policy\/","title":{"rendered":"Privacy Policy"},"content":{"rendered":"\t\t<div data-elementor-type=\"wp-page\" data-elementor-id=\"3\" class=\"elementor elementor-3\" data-elementor-post-type=\"page\">\n\t\t\t\t\t\t\t\t\t<section class=\"elementor-section elementor-top-section elementor-element elementor-element-a11b58a elementor-section-boxed elementor-section-height-default elementor-section-height-default\" data-id=\"a11b58a\" data-element_type=\"section\">\n\t\t\t\t\t\t<div class=\"elementor-container elementor-column-gap-no\">\n\t\t\t\t\t<div class=\"elementor-column elementor-col-100 elementor-top-column elementor-element elementor-element-cee101d\" data-id=\"cee101d\" data-element_type=\"column\">\n\t\t\t<div class=\"elementor-widget-wrap elementor-element-populated\">\n\t\t\t\t\t\t\t\t\t<\/div>\n\t\t<\/div>\n\t\t\t\t\t\t\t<\/div>\n\t\t<\/section>\n\t\t\t\t<section class=\"elementor-section elementor-top-section elementor-element elementor-element-d3f2856 elementor-section-boxed elementor-section-height-default elementor-section-height-default\" data-id=\"d3f2856\" data-element_type=\"section\">\n\t\t\t\t\t\t<div class=\"elementor-container elementor-column-gap-no\">\n\t\t\t\t\t<div class=\"elementor-column elementor-col-100 elementor-top-column elementor-element elementor-element-96cf12d\" data-id=\"96cf12d\" data-element_type=\"column\">\n\t\t\t<div class=\"elementor-widget-wrap elementor-element-populated\">\n\t\t\t\t\t\t\t\t<div class=\"elementor-element elementor-element-f6bccdc elementor-widget elementor-widget-text-editor\" data-id=\"f6bccdc\" data-element_type=\"widget\" data-widget_type=\"text-editor.default\">\n\t\t\t\t<div class=\"elementor-widget-container\">\n\t\t\t<style>\/*! elementor - v3.17.0 - 25-10-2023 *\/\n.elementor-widget-text-editor.elementor-drop-cap-view-stacked .elementor-drop-cap{background-color:#69727d;color:#fff}.elementor-widget-text-editor.elementor-drop-cap-view-framed .elementor-drop-cap{color:#69727d;border:3px solid;background-color:transparent}.elementor-widget-text-editor:not(.elementor-drop-cap-view-default) .elementor-drop-cap{margin-top:8px}.elementor-widget-text-editor:not(.elementor-drop-cap-view-default) .elementor-drop-cap-letter{width:1em;height:1em}.elementor-widget-text-editor .elementor-drop-cap{float:left;text-align:center;line-height:1;font-size:50px}.elementor-widget-text-editor .elementor-drop-cap-letter{display:inline-block}<\/style>\t\t\t\t<p>Privaatsustingimused<\/p>\n<p>Privaatsustingimused alates&nbsp;11.11.2023<\/p>\n<p>Isikuandmete vastutavaks t\u00f6\u00f6tlejaks on&nbsp;O\u00dc Tuctuc&nbsp;(b\u00fcroo aadress S\u00fctiste tee 52-88, 13420 Tallinn, registrikood 14698984, e-post: tuctucylemiste@gmail.com).<\/p>\n<ol>\n<li>Isikuandmete t\u00f6\u00f6tlemisel j\u00e4rgitakse Euroopa Parlamendi ja Euroopa N\u00f5ukogu 27. aprilli 2016. aasta m\u00e4\u00e4rusel (EL) 2016\/679 (Isikuandmete Kaitse \u00dcldm\u00e4\u00e4rus) ning teisi Eesti ja Euroopa Liidu \u00f5igusakte.<\/li>\n<li>Vastutav t\u00f6\u00f6tleja kogub isikuandmeid&nbsp;Tuc Tuc&nbsp;kauplustes ning veebipoes tuctuc.ee (edaspidi Veebipood) p\u00fcsikliendiks registreerida soovijatelt (edaspidi Klient) taotluse esitamisel, kes vastaval taotlusel kinnitab oma n\u00f5usolekut p\u00fcsikliendiks registreerimise tingimustega.<\/li>\n<li>Vastutav t\u00f6\u00f6tleja kogub&nbsp;Veebipoes ka p\u00fcsikliendiks mitte registreerunud ostjate poolt sisestatud isikuandmeid mahus, mida on vaja lepingu t\u00e4imiseks. Vastutav t\u00f6\u00f6tleja edastab isikuandmeid veoteenust pakkuvale ettev\u00f5tetele selleks, et kohale toimetada kaupa.<\/li>\n<li>Vastutav t\u00f6\u00f6tleja kogub j\u00e4rgmiseid isikuandmeid: nimi, sugu, s\u00fcnnip\u00e4ev, isikukood, aadress, &nbsp;telefoninumber, e-posti aadress, kauba kohaletoimetamise aadress ja ostuajalugu. K\u00f5iki vastutavalte t\u00f6\u00f6tlejale teatavaks saanud isikuandmeid k\u00e4sitletakse kui konfidentsiaalset infot.<\/li>\n<li>Isikuandmeid kogutakse ning neid t\u00f6\u00f6deldakse j\u00e4rgmistel eesm\u00e4rkidel: lepingu t\u00e4itmiseks, kauba kliendile saatmiseks, ostuanal\u00fc\u00fcside tegemiseks, p\u00fcsikliendiprogrammi teenindamiseks, sh. soodustuste tegemiseks ja turunduslike s\u00f5numite saatmiseks.&nbsp;<\/li>\n<li>Vastutav t\u00f6\u00f6tleja ei avalda talle teatavaks saanud andmeid kolmandatele isikutele, v\u00e4lja arvatud juriidilisest isikust volitatud t\u00f6\u00f6tlejatele tingimusel, et sellise t\u00f6\u00f6tlejaga on s\u00f5lmitud leping, mille kohaselt volitatud t\u00f6\u00f6tleja on kohustatud hoidma t\u00f6\u00f6deldavad isikuandmed konfidentsiaalsetena ning tagama isikuandmete kaitse vastavalt seaduses s\u00e4testatud n\u00f5uetele. Sellisteks volitatud t\u00f6\u00f6tlejateks on lepingulised koost\u00f6\u00f6partnerid nagu kassatarkvara, makselahenduste, transporditeenuste, SMS teenuste, E-maili teenuste ja serverimajutusteenuste pakkujad, sealhulgas, kuid mitte ainult: Ektaco AS, Erply Ltd, Swedbank AS, Maksekeskus AS, Eesti Post AS, Itella Estonia O\u00dc, DPD Eesti AS, Omniva Eesti, Venipak O\u00dc.<\/li>\n<li>Vastutav t\u00f6\u00f6tleja rakendab asjakohaseid f\u00fc\u00fcsilisi, organisatsioonilisi ja infotehnilisi turvameetmeid, et kaitsta isikuandmeid juhusliku v\u00f5i ebaseadusliku h\u00e4vitamise, kaotsimineku, muutmise v\u00f5i loata juurdep\u00e4\u00e4su ja avalikustamise eest. Juurdep\u00e4\u00e4s andmete muutmiseks ja t\u00f6\u00f6tlemiseks on ainult selleks volitatud isikutel.<\/li>\n<li>Vastutav t\u00f6\u00f6tleja v\u00f5ib saata Kliendile uudiskirju ning pakkumisi kliendi e-posti aadressile v\u00f5i SMSi vahendusel ainult juhul, kui klient on andnud selleks eelnevalt n\u00f5usoleku. Kliendil on \u00f5igus igal ajal n\u00f5usolek tagasi v\u00f5tta, loobudes&nbsp;uudiskirja tellimusest l\u00e4bi vastava&nbsp;<em>unsubscribe&nbsp;<\/em>lingi, mis on toodud igas uudiskirjas v\u00f5i SMS s\u00f5numis.<\/li>\n<li>Isikuandmeid s\u00e4ilitatakse 5 aastat arvates viimasest tehingust ning isikuandmete kustutamisega anon\u00fcmiseeritakse ostuajalugu. Raamatupidamise jaoks vajalikud isikuandmed s\u00e4ilitatakse seitse aastat.<\/li>\n<li>Kliendil on igal ajal \u00f5igus tagasi v\u00f5tta enda n\u00f5usolek isikuandmete t\u00f6\u00f6tlemiseks p\u00fcsikliendiprogrammi raames ja n\u00f5uda oma andmete kustutamist. Alates andmete kustutamise hetkest, ei saa vastutav t\u00f6\u00f6tleja pakkuda Kliendile liikmelisusega kaasnevaid soodustusi vastutava t\u00f6\u00f6tleja poolt hallatavates m\u00fc\u00fcgipunktides ja veebipoes. Maksete ja tarbijavaidlustega seotud vaidluste korral on vastutaval k\u00e4itlejal \u00f5igus s\u00e4ilitada isikuandmeid kuni n\u00f5ude t\u00e4itmiseni v\u00f5i aegumist\u00e4htaja l\u00f5puni.<\/li>\n<li>Kliendi isikuandmete t\u00f6\u00f6tlemisega seotud teabe v\u00e4ljastamise, parandamise, andmete \u00fclekandmise v\u00f5i kustutamise taotlusi saab esitada kirjalikus vormis ja Kliendi poolt v\u00f5i digitaalselt allkirjastatuna e-posti aadressile&nbsp;tuctucylemiste@gmail.comv\u00f5i paberkandjal allkirjastatult O\u00dc TucTuc postiaadressile (S\u00fctiste tee 52-88, 13420 Tallinn).<\/li>\n<li>Juhul kui Klient leiab, et isikuandmete t\u00f6\u00f6tlemisel on rikutud tema \u00f5igusi on Kliendil \u00f5igus p\u00f6\u00f6rduda Andmekaitse Inspektsiooni ja kohtu poole.<\/li>\n<\/ol>\t\t\t\t\t\t<\/div>\n\t\t\t\t<\/div>\n\t\t\t\t<div class=\"vamtam-has-theme-widget-styles elementor-element elementor-element-fa6854f elementor-widget elementor-widget-image\" data-id=\"fa6854f\" data-element_type=\"widget\" data-widget_type=\"image.default\">\n\t\t\t\t<div class=\"elementor-widget-container\">\n\t\t\t<style>\/*! elementor - v3.17.0 - 25-10-2023 *\/\n.elementor-widget-image{text-align:center}.elementor-widget-image a{display:inline-block}.elementor-widget-image a img[src$=\".svg\"]{width:48px}.elementor-widget-image img{vertical-align:middle;display:inline-block}<\/style>\t\t\t\t<div class=\"elementor-image\">\n\t\t\t\t\t\t\t\t\t\t\t\t\t\t\t\t\t\t\t\t\t<img loading=\"lazy\" decoding=\"async\" width=\"136\" height=\"168\" src=\"https:\/\/tuctuc.ee\/wp-content\/uploads\/2022\/03\/bear.svg\" class=\"attachment-large size-large wp-image-50\" alt=\"\" \/>\t\t\t\t\t\t\t\t\t\t\t\t\t\t\t\t\t\t\t\t\t\t\t\t<\/div>\n\t\t\t\t\t\t<\/div>\n\t\t\t\t<\/div>\n\t\t\t\t<div class=\"vamtam-has-theme-widget-styles elementor-element elementor-element-713a131 elementor-widget elementor-widget-image\" data-id=\"713a131\" data-element_type=\"widget\" data-widget_type=\"image.default\">\n\t\t\t\t<div class=\"elementor-widget-container\">\n\t\t\t\t\t\t\t<div class=\"elementor-image\">\n\t\t\t\t\t\t\t\t\t\t\t\t\t\t\t\t\t\t\t\t\t<img loading=\"lazy\" decoding=\"async\" width=\"130\" height=\"25\" src=\"https:\/\/tuctuc.ee\/wp-content\/uploads\/2022\/06\/animal-underline.svg\" class=\"attachment-large size-large wp-image-6961\" alt=\"\" \/>\t\t\t\t\t\t\t\t\t\t\t\t\t\t\t\t\t\t\t\t\t\t\t\t<\/div>\n\t\t\t\t\t\t<\/div>\n\t\t\t\t<\/div>\n\t\t\t\t\t<\/div>\n\t\t<\/div>\n\t\t\t\t\t\t\t<\/div>\n\t\t<\/section>\n\t\t\t\t\t\t\t<\/div>\n\t\t","protected":false},"excerpt":{"rendered":"<p>Privaatsustingimused Privaatsustingimused alates&nbsp;11.11.2023 Isikuandmete vastutavaks t\u00f6\u00f6tlejaks on&nbsp;O\u00dc Tuctuc&nbsp;(b\u00fcroo aadress S\u00fctiste tee 52-88, 13420 Tallinn, registrikood 14698984, e-post: tuctucylemiste@gmail.com). Isikuandmete t\u00f6\u00f6tlemisel j\u00e4rgitakse Euroopa Parlamendi ja Euroopa N\u00f5ukogu 27. aprilli 2016. aasta m\u00e4\u00e4rusel (EL) 2016\/679 (Isikuandmete Kaitse \u00dcldm\u00e4\u00e4rus) ning teisi Eesti ja Euroopa Liidu \u00f5igusakte. Vastutav t\u00f6\u00f6tleja kogub isikuandmeid&nbsp;Tuc Tuc&nbsp;kauplustes ning veebipoes tuctuc.ee (edaspidi Veebipood) p\u00fcsikliendiks registreerida&#8230;<\/p>\n","protected":false},"author":1,"featured_media":0,"parent":0,"menu_order":0,"comment_status":"closed","ping_status":"open","template":"","meta":{"_themeisle_gutenberg_block_has_review":false,"footnotes":""},"class_list":["post-3","page","type-page","status-publish","hentry"],"yoast_head":"<!-- This site is optimized with the Yoast SEO plugin v21.5 - https:\/\/yoast.com\/wordpress\/plugins\/seo\/ -->\n<title>Privacy Policy - TucTuc Eesti<\/title>\n<meta name=\"robots\" content=\"index, follow, max-snippet:-1, max-image-preview:large, max-video-preview:-1\" \/>\n<link rel=\"canonical\" href=\"https:\/\/tuctuc.ee\/en\/privacy-policy\/\" \/>\n<meta property=\"og:locale\" content=\"en_US\" \/>\n<meta property=\"og:type\" content=\"article\" \/>\n<meta property=\"og:title\" content=\"Privacy Policy - TucTuc Eesti\" \/>\n<meta property=\"og:description\" content=\"Privaatsustingimused Privaatsustingimused alates&nbsp;11.11.2023 Isikuandmete vastutavaks t\u00f6\u00f6tlejaks on&nbsp;O\u00dc Tuctuc&nbsp;(b\u00fcroo aadress S\u00fctiste tee 52-88, 13420 Tallinn, registrikood 14698984, e-post: tuctucylemiste@gmail.com). Isikuandmete t\u00f6\u00f6tlemisel j\u00e4rgitakse Euroopa Parlamendi ja Euroopa N\u00f5ukogu 27. aprilli 2016. aasta m\u00e4\u00e4rusel (EL) 2016\/679 (Isikuandmete Kaitse \u00dcldm\u00e4\u00e4rus) ning teisi Eesti ja Euroopa Liidu \u00f5igusakte. Vastutav t\u00f6\u00f6tleja kogub isikuandmeid&nbsp;Tuc Tuc&nbsp;kauplustes ning veebipoes tuctuc.ee (edaspidi Veebipood) p\u00fcsikliendiks registreerida...\" \/>\n<meta property=\"og:url\" content=\"https:\/\/tuctuc.ee\/en\/privacy-policy\/\" \/>\n<meta property=\"og:site_name\" content=\"TucTuc Eesti\" \/>\n<meta property=\"article:modified_time\" content=\"2023-11-13T19:03:03+00:00\" \/>\n<meta property=\"og:image\" content=\"https:\/\/tuctuc.ee\/wp-content\/uploads\/2022\/03\/bear.svg\" \/>\n<meta name=\"twitter:card\" content=\"summary_large_image\" \/>\n<meta name=\"twitter:label1\" content=\"Est. reading time\" \/>\n\t<meta name=\"twitter:data1\" content=\"3 minutes\" \/>\n<script type=\"application\/ld+json\" class=\"yoast-schema-graph\">{\"@context\":\"https:\/\/schema.org\",\"@graph\":[{\"@type\":\"WebPage\",\"@id\":\"https:\/\/tuctuc.ee\/en\/privacy-policy\/\",\"url\":\"https:\/\/tuctuc.ee\/en\/privacy-policy\/\",\"name\":\"Privacy Policy - TucTuc Eesti\",\"isPartOf\":{\"@id\":\"https:\/\/tuctuc.ee\/en\/#website\"},\"datePublished\":\"2022-03-16T16:57:16+00:00\",\"dateModified\":\"2023-11-13T19:03:03+00:00\",\"breadcrumb\":{\"@id\":\"https:\/\/tuctuc.ee\/en\/privacy-policy\/#breadcrumb\"},\"inLanguage\":\"en-US\",\"potentialAction\":[{\"@type\":\"ReadAction\",\"target\":[\"https:\/\/tuctuc.ee\/en\/privacy-policy\/\"]}]},{\"@type\":\"BreadcrumbList\",\"@id\":\"https:\/\/tuctuc.ee\/en\/privacy-policy\/#breadcrumb\",\"itemListElement\":[{\"@type\":\"ListItem\",\"position\":1,\"name\":\"Home\",\"item\":\"https:\/\/tuctuc.ee\/en\/?page_id=269\"},{\"@type\":\"ListItem\",\"position\":2,\"name\":\"Privacy Policy\"}]},{\"@type\":\"WebSite\",\"@id\":\"https:\/\/tuctuc.ee\/en\/#website\",\"url\":\"https:\/\/tuctuc.ee\/en\/\",\"name\":\"TucTuc Eesti\",\"description\":\"Eesti laster\u00f5ivaste veebipood - Stiilsed riided lastele igale vanusele. Avastage meie valikut n\u00fc\u00fcd!\",\"publisher\":{\"@id\":\"https:\/\/tuctuc.ee\/en\/#organization\"},\"potentialAction\":[{\"@type\":\"SearchAction\",\"target\":{\"@type\":\"EntryPoint\",\"urlTemplate\":\"https:\/\/tuctuc.ee\/en\/?s={search_term_string}\"},\"query-input\":\"required name=search_term_string\"}],\"inLanguage\":\"en-US\"},{\"@type\":\"Organization\",\"@id\":\"https:\/\/tuctuc.ee\/en\/#organization\",\"name\":\"TucTuc Eesti\",\"url\":\"https:\/\/tuctuc.ee\/en\/\",\"logo\":{\"@type\":\"ImageObject\",\"inLanguage\":\"en-US\",\"@id\":\"https:\/\/tuctuc.ee\/en\/#\/schema\/logo\/image\/\",\"url\":\"https:\/\/i0.wp.com\/tuctuc.ee\/wp-content\/uploads\/2023\/10\/logo-164933761541.png?fit=109%2C122&ssl=1\",\"contentUrl\":\"https:\/\/i0.wp.com\/tuctuc.ee\/wp-content\/uploads\/2023\/10\/logo-164933761541.png?fit=109%2C122&ssl=1\",\"width\":109,\"height\":122,\"caption\":\"TucTuc Eesti\"},\"image\":{\"@id\":\"https:\/\/tuctuc.ee\/en\/#\/schema\/logo\/image\/\"}}]}<\/script>\n<!-- \/ Yoast SEO plugin. -->","yoast_head_json":{"title":"Privacy Policy - TucTuc Eesti","robots":{"index":"index","follow":"follow","max-snippet":"max-snippet:-1","max-image-preview":"max-image-preview:large","max-video-preview":"max-video-preview:-1"},"canonical":"https:\/\/tuctuc.ee\/en\/privacy-policy\/","og_locale":"en_US","og_type":"article","og_title":"Privacy Policy - TucTuc Eesti","og_description":"Privaatsustingimused Privaatsustingimused alates&nbsp;11.11.2023 Isikuandmete vastutavaks t\u00f6\u00f6tlejaks on&nbsp;O\u00dc Tuctuc&nbsp;(b\u00fcroo aadress S\u00fctiste tee 52-88, 13420 Tallinn, registrikood 14698984, e-post: tuctucylemiste@gmail.com). Isikuandmete t\u00f6\u00f6tlemisel j\u00e4rgitakse Euroopa Parlamendi ja Euroopa N\u00f5ukogu 27. aprilli 2016. aasta m\u00e4\u00e4rusel (EL) 2016\/679 (Isikuandmete Kaitse \u00dcldm\u00e4\u00e4rus) ning teisi Eesti ja Euroopa Liidu \u00f5igusakte. Vastutav t\u00f6\u00f6tleja kogub isikuandmeid&nbsp;Tuc Tuc&nbsp;kauplustes ning veebipoes tuctuc.ee (edaspidi Veebipood) p\u00fcsikliendiks registreerida...","og_url":"https:\/\/tuctuc.ee\/en\/privacy-policy\/","og_site_name":"TucTuc Eesti","article_modified_time":"2023-11-13T19:03:03+00:00","og_image":[{"url":"https:\/\/tuctuc.ee\/wp-content\/uploads\/2022\/03\/bear.svg"}],"twitter_card":"summary_large_image","twitter_misc":{"Est. reading time":"3 minutes"},"schema":{"@context":"https:\/\/schema.org","@graph":[{"@type":"WebPage","@id":"https:\/\/tuctuc.ee\/en\/privacy-policy\/","url":"https:\/\/tuctuc.ee\/en\/privacy-policy\/","name":"Privacy Policy - TucTuc Eesti","isPartOf":{"@id":"https:\/\/tuctuc.ee\/en\/#website"},"datePublished":"2022-03-16T16:57:16+00:00","dateModified":"2023-11-13T19:03:03+00:00","breadcrumb":{"@id":"https:\/\/tuctuc.ee\/en\/privacy-policy\/#breadcrumb"},"inLanguage":"en-US","potentialAction":[{"@type":"ReadAction","target":["https:\/\/tuctuc.ee\/en\/privacy-policy\/"]}]},{"@type":"BreadcrumbList","@id":"https:\/\/tuctuc.ee\/en\/privacy-policy\/#breadcrumb","itemListElement":[{"@type":"ListItem","position":1,"name":"Home","item":"https:\/\/tuctuc.ee\/en\/?page_id=269"},{"@type":"ListItem","position":2,"name":"Privacy Policy"}]},{"@type":"WebSite","@id":"https:\/\/tuctuc.ee\/en\/#website","url":"https:\/\/tuctuc.ee\/en\/","name":"TucTuc Eesti","description":"Eesti laster\u00f5ivaste veebipood - Stiilsed riided lastele igale vanusele. Avastage meie valikut n\u00fc\u00fcd!","publisher":{"@id":"https:\/\/tuctuc.ee\/en\/#organization"},"potentialAction":[{"@type":"SearchAction","target":{"@type":"EntryPoint","urlTemplate":"https:\/\/tuctuc.ee\/en\/?s={search_term_string}"},"query-input":"required name=search_term_string"}],"inLanguage":"en-US"},{"@type":"Organization","@id":"https:\/\/tuctuc.ee\/en\/#organization","name":"TucTuc Eesti","url":"https:\/\/tuctuc.ee\/en\/","logo":{"@type":"ImageObject","inLanguage":"en-US","@id":"https:\/\/tuctuc.ee\/en\/#\/schema\/logo\/image\/","url":"https:\/\/i0.wp.com\/tuctuc.ee\/wp-content\/uploads\/2023\/10\/logo-164933761541.png?fit=109%2C122&ssl=1","contentUrl":"https:\/\/i0.wp.com\/tuctuc.ee\/wp-content\/uploads\/2023\/10\/logo-164933761541.png?fit=109%2C122&ssl=1","width":109,"height":122,"caption":"TucTuc Eesti"},"image":{"@id":"https:\/\/tuctuc.ee\/en\/#\/schema\/logo\/image\/"}}]}},"jetpack_sharing_enabled":true,"_links":{"self":[{"href":"https:\/\/tuctuc.ee\/en\/wp-json\/wp\/v2\/pages\/3","targetHints":{"allow":["GET"]}}],"collection":[{"href":"https:\/\/tuctuc.ee\/en\/wp-json\/wp\/v2\/pages"}],"about":[{"href":"https:\/\/tuctuc.ee\/en\/wp-json\/wp\/v2\/types\/page"}],"author":[{"embeddable":true,"href":"https:\/\/tuctuc.ee\/en\/wp-json\/wp\/v2\/users\/1"}],"replies":[{"embeddable":true,"href":"https:\/\/tuctuc.ee\/en\/wp-json\/wp\/v2\/comments?post=3"}],"version-history":[{"count":3,"href":"https:\/\/tuctuc.ee\/en\/wp-json\/wp\/v2\/pages\/3\/revisions"}],"predecessor-version":[{"id":988135,"href":"https:\/\/tuctuc.ee\/en\/wp-json\/wp\/v2\/pages\/3\/revisions\/988135"}],"wp:attachment":[{"href":"https:\/\/tuctuc.ee\/en\/wp-json\/wp\/v2\/media?parent=3"}],"curies":[{"name":"wp","href":"https:\/\/api.w.org\/{rel}","templated":true}]}}