{"id":10,"date":"2022-03-16T17:01:24","date_gmt":"2022-03-16T17:01:24","guid":{"rendered":"https:\/\/debebe.vamtam.com\/?page_id=10"},"modified":"2023-11-13T22:24:17","modified_gmt":"2023-11-13T19:24:17","slug":"refund_returns","status":"publish","type":"page","link":"https:\/\/tuctuc.ee\/en\/refund_returns\/","title":{"rendered":"Refund and Returns Policy"},"content":{"rendered":"\t\t<div data-elementor-type=\"wp-page\" data-elementor-id=\"10\" class=\"elementor elementor-10\" data-elementor-post-type=\"page\">\n\t\t\t\t\t\t\t\t\t<section class=\"elementor-section elementor-top-section elementor-element elementor-element-09f4ee1 elementor-section-boxed elementor-section-height-default elementor-section-height-default\" data-id=\"09f4ee1\" data-element_type=\"section\">\n\t\t\t\t\t\t<div class=\"elementor-container elementor-column-gap-no\">\n\t\t\t\t\t<div class=\"elementor-column elementor-col-100 elementor-top-column elementor-element elementor-element-8c930b1\" data-id=\"8c930b1\" data-element_type=\"column\">\n\t\t\t<div class=\"elementor-widget-wrap elementor-element-populated\">\n\t\t\t\t\t\t\t\t\t<\/div>\n\t\t<\/div>\n\t\t\t\t\t\t\t<\/div>\n\t\t<\/section>\n\t\t\t\t<section class=\"elementor-section elementor-top-section elementor-element elementor-element-bb25345 elementor-section-boxed elementor-section-height-default elementor-section-height-default\" data-id=\"bb25345\" data-element_type=\"section\">\n\t\t\t\t\t\t<div class=\"elementor-container elementor-column-gap-no\">\n\t\t\t\t\t<div class=\"elementor-column elementor-col-100 elementor-top-column elementor-element elementor-element-52f5e13a\" data-id=\"52f5e13a\" data-element_type=\"column\">\n\t\t\t<div class=\"elementor-widget-wrap elementor-element-populated\">\n\t\t\t\t\t\t\t\t<div class=\"elementor-element elementor-element-31e6ce19 elementor-widget elementor-widget-text-editor\" data-id=\"31e6ce19\" data-element_type=\"widget\" data-widget_type=\"text-editor.default\">\n\t\t\t\t<div class=\"elementor-widget-container\">\n\t\t\t<style>\/*! elementor - v3.17.0 - 25-10-2023 *\/\n.elementor-widget-text-editor.elementor-drop-cap-view-stacked .elementor-drop-cap{background-color:#69727d;color:#fff}.elementor-widget-text-editor.elementor-drop-cap-view-framed .elementor-drop-cap{color:#69727d;border:3px solid;background-color:transparent}.elementor-widget-text-editor:not(.elementor-drop-cap-view-default) .elementor-drop-cap{margin-top:8px}.elementor-widget-text-editor:not(.elementor-drop-cap-view-default) .elementor-drop-cap-letter{width:1em;height:1em}.elementor-widget-text-editor .elementor-drop-cap{float:left;text-align:center;line-height:1;font-size:50px}.elementor-widget-text-editor .elementor-drop-cap-letter{display:inline-block}<\/style>\t\t\t\t<p><\/p>\n<div class=\"shopify-policy__title\">\u00a0<\/div>\n<div class=\"shopify-policy__body\">\n<div class=\"rte\">\n<div class=\"shopify-policy__container\">\n<div class=\"shopify-policy__body\">\n<p><strong>Tooteid saab tagastada 14 p\u00e4eva jooksul alates tellimuse k\u00e4ttesaamisest.<\/strong><\/p>\n<p>Selleks, et saaksid toote tagastada, veendu selle sobivuses esmalt nii, et tootele j\u00e4\u00e4ksid k\u00fclge k\u00f5ik originaaletiketid ja mingil moel ei riku ega m\u00e4\u00e4ri toodet.<\/p>\n<h3>\u00a0<strong>Toodete tagastamiseks toimi nii:<\/strong><\/h3>\n<p>&#8211; Veendu, et tooted on puhtad ja kandmata, k\u00fcljes on originaaletiketid.<\/p>\n<p>&#8211; T\u00e4ida \u00e4ra lepingust taganemise\/pretensiooni esitamise avaldus. Avalduse blanketi leiad oma tellimuse juurest v\u00f5i saad alla laadida siit:\u00a0<strong><a href=\"https:\/\/tuctuc.ee\/wp-content\/uploads\/2023\/11\/Tuctuc_veebipoe_tarbijapretensiooni_avaldus_10.11.2023.docx\">AVALDUS<\/a><\/strong><\/p>\n<p>&#8211; Kui soovid toote tagastada, kuna toote suurus ei sobi v\u00f5i oled muutnud toote sobivuse osas meelt, t\u00e4ida \u00e4ra avalduse k\u00f5ik, v.a. pretensiooni esitamise v\u00e4ljad.<\/p>\n<p>&#8211; Kui oleme Sulle ekslikult saatnud vale toote v\u00f5i tegemist on praaktootega, t\u00e4ida avalduses \u00e4ra k\u00f5ik, v.a.\u00a0lepingust taganemise\u00a0v\u00e4ljad, kindlasti m\u00e4rgi \u00e4ra tagastamise p\u00f5hjus (defekti v\u00f5i puuduse kirjeldus).<\/p>\n<p>&#8211; Saada\u00a0<strong>tagastatav kaup koos t\u00e4idetud ja allkirjastatud avaldusega \u00dclemiste keskuse Omniva, Smartposti v\u00f5i DPD pakiautomaati.<\/strong>\u00a0Toote tagastamisel Smartposti pakiautomaati vali pakiautomaadis &#8220;Tagastus&#8221; ja kasutage sama uksekoodi, mida kasutasid kauba k\u00e4ttesaamisel. Omniva v\u00f5i DPD pakiautomaati saates kasuta tagastuskoodi, mille said kauba k\u00e4ttesaamisel teavituss\u00f5numis.<\/p>\n<p>&#8211; Kaupa saab tagastada ka meie\u00a0<strong>\u00dclemiste keskuse<\/strong>\u00a0kaupluses. Selleks tuleb koos tagastatava kaubaga esitada\u00a0<strong>t\u00e4idetud lepingust taganemise avaldus<\/strong>\u00a0ja\u00a0<strong>ostuga kaasas olnud arve<\/strong>. Kaupluses v\u00f5tame vastu tagastatava kauba, tagastatav summa kantakse avalduse alusel Sinu kontole tagasi e-poe maksekeskuse kaudu.<\/p>\n<p>&#8211; Kui tagastatud toode on puhas, kandmata ja originaaletikettidega ning pretensiooni esitamise korral tellimusele mittevastavus v\u00f5i praak meie poolt aktsepteeritud, tagastame kauba maksumuse Sinu pangakontole 3-14 t\u00f6\u00f6p\u00e4eva jooksul peale toodete meieni j\u00f5udmist.<\/p>\n<p>T\u00e4psemad tingimused toodete tagastamise kohta leiad siit:\u00a0<a href=\"https:\/\/tuctuc.ee\/muugitingimused\/\">M\u00fc\u00fcgitingimused<\/a><\/p>\n<\/div>\n<\/div>\n<\/div>\n<\/div>\n<p><\/p>\t\t\t\t\t\t<\/div>\n\t\t\t\t<\/div>\n\t\t\t\t\t<\/div>\n\t\t<\/div>\n\t\t\t\t\t\t\t<\/div>\n\t\t<\/section>\n\t\t\t\t\t\t\t<\/div>\n\t\t","protected":false},"excerpt":{"rendered":"<p>\u00a0 Tooteid saab tagastada 14 p\u00e4eva jooksul alates tellimuse k\u00e4ttesaamisest. Selleks, et saaksid toote tagastada, veendu selle sobivuses esmalt nii, et tootele j\u00e4\u00e4ksid k\u00fclge k\u00f5ik originaaletiketid ja mingil moel ei riku ega m\u00e4\u00e4ri toodet. \u00a0Toodete tagastamiseks toimi nii: &#8211; Veendu, et tooted on puhtad ja kandmata, k\u00fcljes on originaaletiketid. &#8211; T\u00e4ida \u00e4ra lepingust taganemise\/pretensiooni esitamise&#8230;<\/p>\n","protected":false},"author":1,"featured_media":0,"parent":0,"menu_order":0,"comment_status":"closed","ping_status":"closed","template":"","meta":{"_themeisle_gutenberg_block_has_review":false,"footnotes":""},"class_list":["post-10","page","type-page","status-publish","hentry"],"yoast_head":"<!-- This site is optimized with the Yoast SEO plugin v21.5 - https:\/\/yoast.com\/wordpress\/plugins\/seo\/ -->\n<title>Refund and Returns Policy - TucTuc Eesti<\/title>\n<meta name=\"robots\" content=\"index, follow, max-snippet:-1, max-image-preview:large, max-video-preview:-1\" \/>\n<link rel=\"canonical\" href=\"https:\/\/tuctuc.ee\/en\/refund_returns\/\" \/>\n<meta property=\"og:locale\" content=\"en_US\" \/>\n<meta property=\"og:type\" content=\"article\" \/>\n<meta property=\"og:title\" content=\"Refund and Returns Policy - TucTuc Eesti\" \/>\n<meta property=\"og:description\" content=\"\u00a0 Tooteid saab tagastada 14 p\u00e4eva jooksul alates tellimuse k\u00e4ttesaamisest. Selleks, et saaksid toote tagastada, veendu selle sobivuses esmalt nii, et tootele j\u00e4\u00e4ksid k\u00fclge k\u00f5ik originaaletiketid ja mingil moel ei riku ega m\u00e4\u00e4ri toodet. \u00a0Toodete tagastamiseks toimi nii: &#8211; Veendu, et tooted on puhtad ja kandmata, k\u00fcljes on originaaletiketid. &#8211; T\u00e4ida \u00e4ra lepingust taganemise\/pretensiooni esitamise...\" \/>\n<meta property=\"og:url\" content=\"https:\/\/tuctuc.ee\/en\/refund_returns\/\" \/>\n<meta property=\"og:site_name\" content=\"TucTuc Eesti\" \/>\n<meta property=\"article:modified_time\" content=\"2023-11-13T19:24:17+00:00\" \/>\n<meta name=\"twitter:card\" content=\"summary_large_image\" \/>\n<meta name=\"twitter:label1\" content=\"Est. reading time\" \/>\n\t<meta name=\"twitter:data1\" content=\"2 minutes\" \/>\n<script type=\"application\/ld+json\" class=\"yoast-schema-graph\">{\"@context\":\"https:\/\/schema.org\",\"@graph\":[{\"@type\":\"WebPage\",\"@id\":\"https:\/\/tuctuc.ee\/en\/refund_returns\/\",\"url\":\"https:\/\/tuctuc.ee\/en\/refund_returns\/\",\"name\":\"Refund and Returns Policy - TucTuc Eesti\",\"isPartOf\":{\"@id\":\"https:\/\/tuctuc.ee\/en\/#website\"},\"datePublished\":\"2022-03-16T17:01:24+00:00\",\"dateModified\":\"2023-11-13T19:24:17+00:00\",\"breadcrumb\":{\"@id\":\"https:\/\/tuctuc.ee\/en\/refund_returns\/#breadcrumb\"},\"inLanguage\":\"en-US\",\"potentialAction\":[{\"@type\":\"ReadAction\",\"target\":[\"https:\/\/tuctuc.ee\/en\/refund_returns\/\"]}]},{\"@type\":\"BreadcrumbList\",\"@id\":\"https:\/\/tuctuc.ee\/en\/refund_returns\/#breadcrumb\",\"itemListElement\":[{\"@type\":\"ListItem\",\"position\":1,\"name\":\"Home\",\"item\":\"https:\/\/tuctuc.ee\/en\/?page_id=269\"},{\"@type\":\"ListItem\",\"position\":2,\"name\":\"Refund and Returns Policy\"}]},{\"@type\":\"WebSite\",\"@id\":\"https:\/\/tuctuc.ee\/en\/#website\",\"url\":\"https:\/\/tuctuc.ee\/en\/\",\"name\":\"TucTuc Eesti\",\"description\":\"Eesti laster\u00f5ivaste veebipood - Stiilsed riided lastele igale vanusele. Avastage meie valikut n\u00fc\u00fcd!\",\"publisher\":{\"@id\":\"https:\/\/tuctuc.ee\/en\/#organization\"},\"potentialAction\":[{\"@type\":\"SearchAction\",\"target\":{\"@type\":\"EntryPoint\",\"urlTemplate\":\"https:\/\/tuctuc.ee\/en\/?s={search_term_string}\"},\"query-input\":\"required name=search_term_string\"}],\"inLanguage\":\"en-US\"},{\"@type\":\"Organization\",\"@id\":\"https:\/\/tuctuc.ee\/en\/#organization\",\"name\":\"TucTuc Eesti\",\"url\":\"https:\/\/tuctuc.ee\/en\/\",\"logo\":{\"@type\":\"ImageObject\",\"inLanguage\":\"en-US\",\"@id\":\"https:\/\/tuctuc.ee\/en\/#\/schema\/logo\/image\/\",\"url\":\"https:\/\/i0.wp.com\/tuctuc.ee\/wp-content\/uploads\/2023\/10\/logo-164933761541.png?fit=109%2C122&ssl=1\",\"contentUrl\":\"https:\/\/i0.wp.com\/tuctuc.ee\/wp-content\/uploads\/2023\/10\/logo-164933761541.png?fit=109%2C122&ssl=1\",\"width\":109,\"height\":122,\"caption\":\"TucTuc Eesti\"},\"image\":{\"@id\":\"https:\/\/tuctuc.ee\/en\/#\/schema\/logo\/image\/\"}}]}<\/script>\n<!-- \/ Yoast SEO plugin. -->","yoast_head_json":{"title":"Refund and Returns Policy - TucTuc Eesti","robots":{"index":"index","follow":"follow","max-snippet":"max-snippet:-1","max-image-preview":"max-image-preview:large","max-video-preview":"max-video-preview:-1"},"canonical":"https:\/\/tuctuc.ee\/en\/refund_returns\/","og_locale":"en_US","og_type":"article","og_title":"Refund and Returns Policy - TucTuc Eesti","og_description":"\u00a0 Tooteid saab tagastada 14 p\u00e4eva jooksul alates tellimuse k\u00e4ttesaamisest. Selleks, et saaksid toote tagastada, veendu selle sobivuses esmalt nii, et tootele j\u00e4\u00e4ksid k\u00fclge k\u00f5ik originaaletiketid ja mingil moel ei riku ega m\u00e4\u00e4ri toodet. \u00a0Toodete tagastamiseks toimi nii: &#8211; Veendu, et tooted on puhtad ja kandmata, k\u00fcljes on originaaletiketid. &#8211; T\u00e4ida \u00e4ra lepingust taganemise\/pretensiooni esitamise...","og_url":"https:\/\/tuctuc.ee\/en\/refund_returns\/","og_site_name":"TucTuc Eesti","article_modified_time":"2023-11-13T19:24:17+00:00","twitter_card":"summary_large_image","twitter_misc":{"Est. reading time":"2 minutes"},"schema":{"@context":"https:\/\/schema.org","@graph":[{"@type":"WebPage","@id":"https:\/\/tuctuc.ee\/en\/refund_returns\/","url":"https:\/\/tuctuc.ee\/en\/refund_returns\/","name":"Refund and Returns Policy - TucTuc Eesti","isPartOf":{"@id":"https:\/\/tuctuc.ee\/en\/#website"},"datePublished":"2022-03-16T17:01:24+00:00","dateModified":"2023-11-13T19:24:17+00:00","breadcrumb":{"@id":"https:\/\/tuctuc.ee\/en\/refund_returns\/#breadcrumb"},"inLanguage":"en-US","potentialAction":[{"@type":"ReadAction","target":["https:\/\/tuctuc.ee\/en\/refund_returns\/"]}]},{"@type":"BreadcrumbList","@id":"https:\/\/tuctuc.ee\/en\/refund_returns\/#breadcrumb","itemListElement":[{"@type":"ListItem","position":1,"name":"Home","item":"https:\/\/tuctuc.ee\/en\/?page_id=269"},{"@type":"ListItem","position":2,"name":"Refund and Returns Policy"}]},{"@type":"WebSite","@id":"https:\/\/tuctuc.ee\/en\/#website","url":"https:\/\/tuctuc.ee\/en\/","name":"TucTuc Eesti","description":"Eesti laster\u00f5ivaste veebipood - Stiilsed riided lastele igale vanusele. Avastage meie valikut n\u00fc\u00fcd!","publisher":{"@id":"https:\/\/tuctuc.ee\/en\/#organization"},"potentialAction":[{"@type":"SearchAction","target":{"@type":"EntryPoint","urlTemplate":"https:\/\/tuctuc.ee\/en\/?s={search_term_string}"},"query-input":"required name=search_term_string"}],"inLanguage":"en-US"},{"@type":"Organization","@id":"https:\/\/tuctuc.ee\/en\/#organization","name":"TucTuc Eesti","url":"https:\/\/tuctuc.ee\/en\/","logo":{"@type":"ImageObject","inLanguage":"en-US","@id":"https:\/\/tuctuc.ee\/en\/#\/schema\/logo\/image\/","url":"https:\/\/i0.wp.com\/tuctuc.ee\/wp-content\/uploads\/2023\/10\/logo-164933761541.png?fit=109%2C122&ssl=1","contentUrl":"https:\/\/i0.wp.com\/tuctuc.ee\/wp-content\/uploads\/2023\/10\/logo-164933761541.png?fit=109%2C122&ssl=1","width":109,"height":122,"caption":"TucTuc Eesti"},"image":{"@id":"https:\/\/tuctuc.ee\/en\/#\/schema\/logo\/image\/"}}]}},"jetpack_sharing_enabled":true,"_links":{"self":[{"href":"https:\/\/tuctuc.ee\/en\/wp-json\/wp\/v2\/pages\/10","targetHints":{"allow":["GET"]}}],"collection":[{"href":"https:\/\/tuctuc.ee\/en\/wp-json\/wp\/v2\/pages"}],"about":[{"href":"https:\/\/tuctuc.ee\/en\/wp-json\/wp\/v2\/types\/page"}],"author":[{"embeddable":true,"href":"https:\/\/tuctuc.ee\/en\/wp-json\/wp\/v2\/users\/1"}],"replies":[{"embeddable":true,"href":"https:\/\/tuctuc.ee\/en\/wp-json\/wp\/v2\/comments?post=10"}],"version-history":[{"count":3,"href":"https:\/\/tuctuc.ee\/en\/wp-json\/wp\/v2\/pages\/10\/revisions"}],"predecessor-version":[{"id":988157,"href":"https:\/\/tuctuc.ee\/en\/wp-json\/wp\/v2\/pages\/10\/revisions\/988157"}],"wp:attachment":[{"href":"https:\/\/tuctuc.ee\/en\/wp-json\/wp\/v2\/media?parent=10"}],"curies":[{"name":"wp","href":"https:\/\/api.w.org\/{rel}","templated":true}]}}